{"id":26,"date":"2018-03-24T11:21:43","date_gmt":"2018-03-24T11:21:43","guid":{"rendered":"http:\/\/61765.s.time4vps.cloud\/?page_id=26"},"modified":"2021-04-05T14:14:53","modified_gmt":"2021-04-05T13:14:53","slug":"calender-2018","status":"publish","type":"page","link":"http:\/\/essiluttinen.com\/index.php\/calender-2018\/","title":{"rendered":"CALENDER 2021"},"content":{"rendered":"<div class=\"fuisff-1 khKiOM\">\n<div class=\"fuisff-9 Csbxu\">\u00a0<\/div>\n<\/div>\n<div><strong>TOUKOKUU 2021<\/strong><\/div>\n<div>\u00a0<\/div>\n<div><strong>Pe 30.4.2021 klo 18 KUPLIVA WAPPU! &#8211; stream-konsertti\u00a0<\/strong><\/div>\n<div>\u00a0<\/div>\n<div>\u00a0<\/div>\n<div><strong>KES\u00c4KUU 2021<\/strong><\/div>\n<div>\u00a0<\/div>\n<div><strong>ILMAJOEN MUSIKKIJUHLAT: Hiljaiset periv\u00e4t maan (Jukka Linkola &#8211; Tuomas Parkkinen)<\/strong><\/div>\n<div>\u00a0<\/div>\n<div><strong>To 10.6.2021\u00a0klo 19 kantaesitys\u00a0<br \/>Pe 11.6.2021\u00a0klo 19<br \/>La 12.6.2021\u00a0klo 13<br \/>Su 13.6.2021\u00a0klo 13<\/strong><\/div>\n<div><strong>To 17.6.2021 klo 13 <\/strong><em>(lis\u00e4n\u00e4yt\u00f6s)<\/em><br \/><strong>Pe 18.6.2021 klo 13<br \/>La 19.6.2021\u00a0klo 13<br \/>Su 20.6.2021\u00a0klo 13<\/strong><\/div>\n<div>\u00a0<\/div>\n<div><strong><a href=\"https:\/\/www.musiikkijuhlat.fi\/ohjelmisto\/hiljaiset-perivat-maan\">Lue lis\u00e4\u00e4<\/a>\u00a0 \u00a0 \u00a0<a href=\"https:\/\/liput.musiikkijuhlat.fi\/fi\/?_ga=2.70061657.816559531.1617618634-450915582.1608317504\">Osta liput<\/a><\/strong><\/div>\n<div>\u00a0<\/div>\n<div><strong>Pe 25.6. klo 17 Villa Wolaxin juhannus: Kes\u00e4illan idylli &#8211; lauluja kes\u00e4illassa<\/strong><\/div>\n<div>\u00a0<\/div>\n<div>\u00a0<\/div>\n<div><strong>HEIN\u00c4KUU 2020<\/strong><\/div>\n<div>\u00a0<\/div>\n<div><strong>To 1.7. klo 17 Kuohuva It\u00e4meri &#8211; konserttisarja Gullkronassa: SK\u00c4RG\u00c5RD &#8211; S\u00e5nger fr\u00e5n havet &#8211; SAARISTO &#8211; Lauluja merelt\u00e4\u00a0<\/strong><\/div>\n<div>\u00a0<\/div>\n<div><strong>To 29.7. klo 18 Turun Urkujuhlien konsertti Naantalin kirkossa<\/strong> <a href=\"http:\/\/www.turunurkujuhlat.fi\/ohjelmakalenteri\/\">Lue lis\u00e4\u00e4<\/a><\/div>\n<div>\u00a0<\/div>\n<div>\u00a0<\/div>\n<div><strong>ELOKUU 2021<\/strong><\/div>\n<div>\u00a0<\/div>\n<div><strong>su 8.8.2020 klo 16 OPERA &amp; SWING piknikkonsertti<\/strong><\/div>\n<div>Qvidjan keskiaikainen linnan puisto \u00a0<a href=\"https:\/\/www.ticketmaster.fi\/event\/opera-swing-piknik-konsertti-qvidjan-linnan-puistossa-lippuja\/292319\">Etsi Lippuja<\/a><\/div>\n<div>\n<div>\n<div>\u00a0<\/div>\n<div><strong>to 26.8.2021 klo 19 BABY JANE<\/strong><\/div>\n<div>Aleksanterin teatteri \u00a0Etsi Lippuja<\/div>\n<div>\n<div><strong>pe 27.8.2021 klo 19 BABY JANE<\/strong><\/div>\n<div>Aleksanterin teatteri \u00a0<a href=\"https:\/\/www.ticketmaster.fi\/event\/baby-jane-lippuja\/292483\">Etsi Lippuja<\/a><\/div>\n<\/div>\n<\/div>\n<\/div>\n<div>\u00a0<\/div>\n<div><strong>la 28.8.2021 klo 19 Muinaistulien y\u00f6 Villa Wolaxissa: Tango Sopranos<\/strong><\/div>\n<div>\n<div>\u00a0<\/div>\n<div>\u00a0<\/div>\n<div><strong>SYYSKUU 2020<\/strong><\/div>\n<div>\u00a0<\/div>\n<\/div>\n<div>\u00a0<\/div>\n<p>\u00a0<\/p>\n<div>\u00a0<\/div>\n<div>\u00a0<\/div>\n\n\n<div class=\"wp-block-buttons\">\n<div class=\"wp-block-button\"><a class=\"wp-block-button__link\"><\/a><\/div>\n<\/div>\n\n\n\n<div class=\"wp-block-columns\"><\/div>\n\n\n\n<p><\/p>\n","protected":false},"excerpt":{"rendered":"<p>\u00a0 TOUKOKUU 2021 \u00a0 Pe 30.4.2021 klo 18 KUPLIVA WAPPU! &#8211; stream-konsertti\u00a0 \u00a0 \u00a0 KES\u00c4KUU 2021 \u00a0 ILMAJOEN MUSIKKIJUHLAT: Hiljaiset periv\u00e4t maan (Jukka Linkola &#8211; Tuomas Parkkinen) \u00a0 To 10.6.2021\u00a0klo 19 kantaesitys\u00a0Pe 11.6.2021\u00a0klo 19La 12.6.2021\u00a0klo[&#8230;]<\/p>\n","protected":false},"author":1,"featured_media":0,"parent":0,"menu_order":0,"comment_status":"closed","ping_status":"closed","template":"","meta":[],"_links":{"self":[{"href":"http:\/\/essiluttinen.com\/index.php\/wp-json\/wp\/v2\/pages\/26"}],"collection":[{"href":"http:\/\/essiluttinen.com\/index.php\/wp-json\/wp\/v2\/pages"}],"about":[{"href":"http:\/\/essiluttinen.com\/index.php\/wp-json\/wp\/v2\/types\/page"}],"author":[{"embeddable":true,"href":"http:\/\/essiluttinen.com\/index.php\/wp-json\/wp\/v2\/users\/1"}],"replies":[{"embeddable":true,"href":"http:\/\/essiluttinen.com\/index.php\/wp-json\/wp\/v2\/comments?post=26"}],"version-history":[{"count":78,"href":"http:\/\/essiluttinen.com\/index.php\/wp-json\/wp\/v2\/pages\/26\/revisions"}],"predecessor-version":[{"id":687,"href":"http:\/\/essiluttinen.com\/index.php\/wp-json\/wp\/v2\/pages\/26\/revisions\/687"}],"wp:attachment":[{"href":"http:\/\/essiluttinen.com\/index.php\/wp-json\/wp\/v2\/media?parent=26"}],"curies":[{"name":"wp","href":"https:\/\/api.w.org\/{rel}","templated":true}]}}